{"id":385,"date":"2021-01-06T23:43:06","date_gmt":"2021-01-06T22:43:06","guid":{"rendered":"http:\/\/monis-haushaltshilfe.de\/?page_id=385"},"modified":"2021-01-17T16:37:39","modified_gmt":"2021-01-17T15:37:39","slug":"verhinderungspflege","status":"publish","type":"page","link":"https:\/\/monis-haushaltshilfe.de\/index.php\/verhinderungspflege\/","title":{"rendered":"VERHINDERUNGSPFLEGE"},"content":{"rendered":"\n<p class=\"has-medium-font-size\"><strong>Haushaltshilfe \u00fcber Verhinderungspflege<\/strong><\/p>\n\n\n\n<p class=\"has-medium-font-size\">Pflegende Angeh\u00f6rige brauchen auch Zeit um sich selbst zu erholen und um die Akkus neu aufzuladen.<\/p>\n\n\n\n<p class=\"has-medium-font-size\">Sie k\u00f6nnen eine Haushaltshilfe auch als stundenweise Verhinderungspflege bei der Pflegekasse geltend machen. Die Leistungen der Verhinderungspflege beziehen sich n\u00e4mlich nicht nur auf reine Pfleget\u00e4tigkeiten, sondern k\u00f6nnen auch f\u00fcr regelm\u00e4\u00dfige T\u00e4tigkeiten wie Wohnungsreinigung oder die Zubereitung von Mahlzeiten eingesetzt werden.<\/p>\n","protected":false},"excerpt":{"rendered":"<p>Haushaltshilfe \u00fcber Verhinderungspflege Pflegende Angeh\u00f6rige brauchen auch Zeit um sich selbst zu erholen und um die Akkus neu aufzuladen. Sie k\u00f6nnen eine&#8230;<\/p>\n","protected":false},"author":1,"featured_media":0,"parent":0,"menu_order":5,"comment_status":"closed","ping_status":"closed","template":"","meta":[],"_links":{"self":[{"href":"https:\/\/monis-haushaltshilfe.de\/index.php\/wp-json\/wp\/v2\/pages\/385"}],"collection":[{"href":"https:\/\/monis-haushaltshilfe.de\/index.php\/wp-json\/wp\/v2\/pages"}],"about":[{"href":"https:\/\/monis-haushaltshilfe.de\/index.php\/wp-json\/wp\/v2\/types\/page"}],"author":[{"embeddable":true,"href":"https:\/\/monis-haushaltshilfe.de\/index.php\/wp-json\/wp\/v2\/users\/1"}],"replies":[{"embeddable":true,"href":"https:\/\/monis-haushaltshilfe.de\/index.php\/wp-json\/wp\/v2\/comments?post=385"}],"version-history":[{"count":5,"href":"https:\/\/monis-haushaltshilfe.de\/index.php\/wp-json\/wp\/v2\/pages\/385\/revisions"}],"predecessor-version":[{"id":476,"href":"https:\/\/monis-haushaltshilfe.de\/index.php\/wp-json\/wp\/v2\/pages\/385\/revisions\/476"}],"wp:attachment":[{"href":"https:\/\/monis-haushaltshilfe.de\/index.php\/wp-json\/wp\/v2\/media?parent=385"}],"curies":[{"name":"wp","href":"https:\/\/api.w.org\/{rel}","templated":true}]}}